{"id":177,"date":"2018-12-04T08:45:56","date_gmt":"2018-12-04T07:45:56","guid":{"rendered":"http:\/\/atdesign.de\/en\/?page_id=177"},"modified":"2025-04-25T14:28:30","modified_gmt":"2025-04-25T12:28:30","slug":"kontakt","status":"publish","type":"page","link":"https:\/\/atdesign.de\/en\/kontakt\/","title":{"rendered":"Contact"},"content":{"rendered":"<div class=\"wpb-content-wrapper\"><p>[vc_section full_width=&#8221;stretch_row&#8221; css=&#8221;.vc_custom_1543996315482{background-position: center !important;background-repeat: no-repeat !important;background-size: cover !important;}&#8221; el_id=&#8221;key_visual_container&#8221;][vc_row el_id=&#8221;keyvisual&#8221;][vc_column][vc_gmaps link=&#8221;#E-8_JTNDaWZyYW1lJTIwc3JjJTNEJTIyaHR0cHMlM0ElMkYlMkZ3d3cuZ29vZ2xlLmNvbSUyRm1hcHMlMkZlbWJlZCUzRnBiJTNEJTIxMW0xOCUyMTFtMTIlMjExbTMlMjExZDI2MDUuMTE1NTM2MDkwMTk5NCUyMTJkMTEuMjA0OTEwMTc3MTUxOTkzJTIxM2Q0OS4yMzYyOTg2NzQwMzY2OSUyMTJtMyUyMTFmMCUyMTJmMCUyMTNmMCUyMTNtMiUyMTFpMTAyNCUyMTJpNzY4JTIxNGYxMy4xJTIxM20zJTIxMW0yJTIxMXMweDQ3OWY0MjI1N2Q2ZGE5ZTUlMjUzQTB4Yjc5MDUzNmQwYjUwNTFiMCUyMTJzcG9sc2RvcmYlMjUyMDIyQiUyNTJDJTI1MjA5MDU4NCUyNTIwQWxsZXJzYmVyZyUyMTVlMCUyMTNtMiUyMTFzZGUlMjEyc2RlJTIxNHYxNzM4NjYxNjc0Mjk5JTIxNW0yJTIxMXNkZSUyMTJzZGUlMjIlMjB3aWR0aCUzRCUyMjgwMCUyMiUyMGhlaWdodCUzRCUyMjYwMCUyMiUyMGZyYW1lYm9yZGVyJTNEJTIyMCUyMiUyMHN0eWxlJTNEJTIyYm9yZGVyJTNBMCUzQm1hcmdpbi10b3AlM0EtMTA5cHglMjFpbXBvcnRhbnQlMjIlMjBhbGxvd2Z1bGxzY3JlZW4lM0UlM0MlMkZpZnJhbWUlM0U=&#8221; size=&#8221;682px&#8221;][\/vc_column][\/vc_row][\/vc_section][vc_section][vc_row][vc_column][vc_column_text]<\/p>\n<h3>Contact<\/h3>\n<p>[\/vc_column_text][\/vc_column][\/vc_row][vc_row][vc_column width=&#8221;1\/3&#8243;][vc_column_text]<strong>at-design GbR<\/strong><\/p>\n<p>Polsdorf 22E<br \/>\nD-90584 Allersberg<\/p>\n<p>Fon +49 (0) 9176 &#8211; 3679793<\/p>\n<p>E-Mail <a href=\"mailto:info@atdesign.de\">info@atdesign.de<\/a><br \/>\nInternet www.atdesign.de[\/vc_column_text][vc_btn title=&#8221;navigate to at-design&#8221; style=&#8221;custom&#8221; custom_background=&#8221;#000000&#8243; custom_text=&#8221;#ffffff&#8221; shape=&#8221;square&#8221; i_icon_fontawesome=&#8221;fa fa-angle-right&#8221; add_icon=&#8221;true&#8221; link=&#8221;url:https%3A%2F%2Fwww.google.de%2Fmaps%2Fdir%2F%2Fat-design%2C%2BB%25C3%25BCro%2Bf%25C3%25BCr%2BProduktdesign%2C%2BF%25C3%25BCrth%2B(Bayern)%2C%2BFlugplatzstra%25C3%259Fe%2B111%2C%2B90768%2BF%25C3%25BCrth%2F%4049.5054635%2C10.9600533%2C17z%2Fdata%3D!4m16!1m6!3m5!1s0x47a1ffd09c720079%3A0x8761e69e68d8ee6b!2sat-design%2C%2BB%25C3%25BCro%2Bf%25C3%25BCr%2BProduktdesign%2C%2BF%25C3%25BCrth%2B(Bayern)!8m2!3d49.50546!4d10.962242!4m8!1m0!1m5!1m1!1s0x47a1ffd09c720079%3A0x8761e69e68d8ee6b!2m2!1d10.962242!2d49.50546!3e2||target:%20_blank|rel:nofollow&#8221; el_id=&#8221;maps_button&#8221;][\/vc_column][vc_column width=&#8221;1\/3&#8243;][\/vc_column][vc_column width=&#8221;1\/3&#8243;][\/vc_column][\/vc_row][\/vc_section][vc_section][vc_row][vc_column][vc_column_text]<\/p>\n<h2>Allgemeine Gesch\u00e4fts\u00ad\u00adbedingungen Produk\u00adt\u00addesign (AGB)<\/h2>\n<p>Diese Allgemeinen Gesch\u00e4ftsbedingungen gelten f\u00fcr alle zwischen at-design (Designer) und seinem Auftraggeber abgeschlossenen Produktdesign-Werkvertr\u00e4ge. Die Gesch\u00e4ftsbedingungen sind vereinbart, wenn der Auftraggeber ihnen nicht unverz\u00fcglich nach dem Zugang widerspricht.<\/p>\n<p>1. \u00a0\u00a0\u00a0\u00a0 Vertragsgegenstand<br \/>\n1.1.\u00a0\u00a0\u00a0Gegenstand des Vertrages ist die Gestaltung neuer Produkte oder die \u00dcberarbeitung bereits existierender<\/p>\n<p>Produkte f\u00fcr den Auftraggeber. Innerhalb des vom Auftraggeber vorgegebenen Rahmens hat der\u00a0Designer Gestaltungsfreiheit. Der Designer wird die Weisungen, die ihm der Auftraggeber erteilt, im Rahmen\u00a0seiner gestalterischen Freiheit befolgen sowie Vorschl\u00e4ge, Produktionsm\u00f6glichkeiten und Gesch\u00e4ftsstrategien\u00a0des Auftraggebers ber\u00fccksichtigen. W\u00fcnscht der Auftraggeber w\u00e4hrend oder nach der Produktion\u00a0 \u00c4nderungen, so hat er die Mehrkosten zu tragen.<br \/>\n1.2.\u00a0\u00a0\u00a0Der Auftraggeber ist verpflichtet, dem Designer rechtzeitig die notwendigen Informationen und Unterlagen zur\u00a0Verf\u00fcgung stellen. Er haftet daf\u00fcr, dass er zur Verwendung der dem Designer zur Verf\u00fcgung gestellten<br \/>\nVorlagen berechtigt ist und stellt ihn insoweit von Ersatzanspr\u00fcchen Dritter frei.[\/vc_column_text][\/vc_column][\/vc_row][\/vc_section]<\/p>\n<\/div>","protected":false},"excerpt":{"rendered":"<p>[vc_section full_width=&#8221;stretch_row&#8221; css=&#8221;.vc_custom_1543996315482{background-position: center !important;background-repeat: no-repeat !important;background-size: cover !important;}&#8221; el_id=&#8221;key_visual_container&#8221;][vc_row el_id=&#8221;keyvisual&#8221;][vc_column][vc_gmaps link=&#8221;#E-8_JTNDaWZyYW1lJTIwc3JjJTNEJTIyaHR0cHMlM0ElMkYlMkZ3d3cuZ29vZ2xlLmNvbSUyRm1hcHMlMkZlbWJlZCUzRnBiJTNEJTIxMW0xOCUyMTFtMTIlMjExbTMlMjExZDI2MDUuMTE1NTM2MDkwMTk5NCUyMTJkMTEuMjA0OTEwMTc3MTUxOTkzJTIxM2Q0OS4yMzYyOTg2NzQwMzY2OSUyMTJtMyUyMTFmMCUyMTJmMCUyMTNmMCUyMTNtMiUyMTFpMTAyNCUyMTJpNzY4JTIxNGYxMy4xJTIxM20zJTIxMW0yJTIxMXMweDQ3OWY0MjI1N2Q2ZGE5ZTUlMjUzQTB4Yjc5MDUzNmQwYjUwNTFiMCUyMTJzcG9sc2RvcmYlMjUyMDIyQiUyNTJDJTI1MjA5MDU4NCUyNTIwQWxsZXJzYmVyZyUyMTVlMCUyMTNtMiUyMTFzZGUlMjEyc2RlJTIxNHYxNzM4NjYxNjc0Mjk5JTIxNW0yJTIxMXNkZSUyMTJzZGUlMjIlMjB3aWR0aCUzRCUyMjgwMCUyMiUyMGhlaWdodCUzRCUyMjYwMCUyMiUyMGZyYW1lYm9yZGVyJTNEJTIyMCUyMiUyMHN0eWxlJTNEJTIyYm9yZGVyJTNBMCUzQm1hcmdpbi10b3AlM0EtMTA5cHglMjFpbXBvcnRhbnQlMjIlMjBhbGxvd2Z1bGxzY3JlZW4lM0UlM0MlMkZpZnJhbWUlM0U=&#8221; size=&#8221;682px&#8221;][\/vc_column][\/vc_row][\/vc_section][vc_section][vc_row][vc_column][vc_column_text] Contact [\/vc_column_text][\/vc_column][\/vc_row][vc_row][vc_column width=&#8221;1\/3&#8243;][vc_column_text]at-design GbR Polsdorf 22E D-90584 Allersberg Fon +49 (0) 9176 &#8211; 3679793 E-Mail info@atdesign.de Internet www.atdesign.de[\/vc_column_text][vc_btn title=&#8221;navigate to at-design&#8221; style=&#8221;custom&#8221; custom_background=&#8221;#000000&#8243; custom_text=&#8221;#ffffff&#8221; shape=&#8221;square&#8221; i_icon_fontawesome=&#8221;fa fa-angle-right&#8221; add_icon=&#8221;true&#8221; link=&#8221;url:https%3A%2F%2Fwww.google.de%2Fmaps%2Fdir%2F%2Fat-design%2C%2BB%25C3%25BCro%2Bf%25C3%25BCr%2BProduktdesign%2C%2BF%25C3%25BCrth%2B(Bayern)%2C%2BFlugplatzstra%25C3%259Fe%2B111%2C%2B90768%2BF%25C3%25BCrth%2F%4049.5054635%2C10.9600533%2C17z%2Fdata%3D!4m16!1m6!3m5!1s0x47a1ffd09c720079%3A0x8761e69e68d8ee6b!2sat-design%2C%2BB%25C3%25BCro%2Bf%25C3%25BCr%2BProduktdesign%2C%2BF%25C3%25BCrth%2B(Bayern)!8m2!3d49.50546!4d10.962242!4m8!1m0!1m5!1m1!1s0x47a1ffd09c720079%3A0x8761e69e68d8ee6b!2m2!1d10.962242!2d49.50546!3e2||target:%20_blank|rel:nofollow&#8221; el_id=&#8221;maps_button&#8221;][\/vc_column][vc_column width=&#8221;1\/3&#8243;][\/vc_column][vc_column width=&#8221;1\/3&#8243;][\/vc_column][\/vc_row][\/vc_section][vc_section][vc_row][vc_column][vc_column_text] Allgemeine Gesch\u00e4fts\u00ad\u00adbedingungen Produk\u00adt\u00addesign (AGB) Diese Allgemeinen Gesch\u00e4ftsbedingungen gelten f\u00fcr alle [&hellip;]<\/p>\n","protected":false},"author":1,"featured_media":0,"parent":0,"menu_order":0,"comment_status":"closed","ping_status":"closed","template":"text-with-image.php","meta":{"footnotes":""},"categories":[],"tags":[],"class_list":["post-177","page","type-page","status-publish","hentry"],"yoast_head":"<!-- This site is optimized with the Yoast SEO plugin v27.3 - https:\/\/yoast.com\/product\/yoast-seo-wordpress\/ -->\n<title>Contact - englische Version<\/title>\n<meta name=\"robots\" content=\"index, follow, max-snippet:-1, max-image-preview:large, max-video-preview:-1\" \/>\n<link rel=\"canonical\" href=\"https:\/\/atdesign.de\/en\/kontakt\/\" \/>\n<meta property=\"og:locale\" content=\"en_US\" \/>\n<meta property=\"og:type\" content=\"article\" \/>\n<meta property=\"og:title\" content=\"Contact - englische Version\" \/>\n<meta property=\"og:description\" content=\"[vc_section full_width=&#8221;stretch_row&#8221; css=&#8221;.vc_custom_1543996315482{background-position: center !important;background-repeat: no-repeat !important;background-size: cover !important;}&#8221; el_id=&#8221;key_visual_container&#8221;][vc_row el_id=&#8221;keyvisual&#8221;][vc_column][vc_gmaps link=&#8221;#E-8_JTNDaWZyYW1lJTIwc3JjJTNEJTIyaHR0cHMlM0ElMkYlMkZ3d3cuZ29vZ2xlLmNvbSUyRm1hcHMlMkZlbWJlZCUzRnBiJTNEJTIxMW0xOCUyMTFtMTIlMjExbTMlMjExZDI2MDUuMTE1NTM2MDkwMTk5NCUyMTJkMTEuMjA0OTEwMTc3MTUxOTkzJTIxM2Q0OS4yMzYyOTg2NzQwMzY2OSUyMTJtMyUyMTFmMCUyMTJmMCUyMTNmMCUyMTNtMiUyMTFpMTAyNCUyMTJpNzY4JTIxNGYxMy4xJTIxM20zJTIxMW0yJTIxMXMweDQ3OWY0MjI1N2Q2ZGE5ZTUlMjUzQTB4Yjc5MDUzNmQwYjUwNTFiMCUyMTJzcG9sc2RvcmYlMjUyMDIyQiUyNTJDJTI1MjA5MDU4NCUyNTIwQWxsZXJzYmVyZyUyMTVlMCUyMTNtMiUyMTFzZGUlMjEyc2RlJTIxNHYxNzM4NjYxNjc0Mjk5JTIxNW0yJTIxMXNkZSUyMTJzZGUlMjIlMjB3aWR0aCUzRCUyMjgwMCUyMiUyMGhlaWdodCUzRCUyMjYwMCUyMiUyMGZyYW1lYm9yZGVyJTNEJTIyMCUyMiUyMHN0eWxlJTNEJTIyYm9yZGVyJTNBMCUzQm1hcmdpbi10b3AlM0EtMTA5cHglMjFpbXBvcnRhbnQlMjIlMjBhbGxvd2Z1bGxzY3JlZW4lM0UlM0MlMkZpZnJhbWUlM0U=&#8221; size=&#8221;682px&#8221;][\/vc_column][\/vc_row][\/vc_section][vc_section][vc_row][vc_column][vc_column_text] Contact [\/vc_column_text][\/vc_column][\/vc_row][vc_row][vc_column width=&#8221;1\/3&#8243;][vc_column_text]at-design GbR Polsdorf 22E D-90584 Allersberg Fon +49 (0) 9176 &#8211; 3679793 E-Mail info@atdesign.de Internet www.atdesign.de[\/vc_column_text][vc_btn title=&#8221;navigate to at-design&#8221; style=&#8221;custom&#8221; custom_background=&#8221;#000000&#8243; custom_text=&#8221;#ffffff&#8221; shape=&#8221;square&#8221; i_icon_fontawesome=&#8221;fa fa-angle-right&#8221; add_icon=&#8221;true&#8221; link=&#8221;url:https%3A%2F%2Fwww.google.de%2Fmaps%2Fdir%2F%2Fat-design%2C%2BB%25C3%25BCro%2Bf%25C3%25BCr%2BProduktdesign%2C%2BF%25C3%25BCrth%2B(Bayern)%2C%2BFlugplatzstra%25C3%259Fe%2B111%2C%2B90768%2BF%25C3%25BCrth%2F%4049.5054635%2C10.9600533%2C17z%2Fdata%3D!4m16!1m6!3m5!1s0x47a1ffd09c720079%3A0x8761e69e68d8ee6b!2sat-design%2C%2BB%25C3%25BCro%2Bf%25C3%25BCr%2BProduktdesign%2C%2BF%25C3%25BCrth%2B(Bayern)!8m2!3d49.50546!4d10.962242!4m8!1m0!1m5!1m1!1s0x47a1ffd09c720079%3A0x8761e69e68d8ee6b!2m2!1d10.962242!2d49.50546!3e2||target:%20_blank|rel:nofollow&#8221; el_id=&#8221;maps_button&#8221;][\/vc_column][vc_column width=&#8221;1\/3&#8243;][\/vc_column][vc_column width=&#8221;1\/3&#8243;][\/vc_column][\/vc_row][\/vc_section][vc_section][vc_row][vc_column][vc_column_text] Allgemeine Gesch\u00e4fts\u00ad\u00adbedingungen Produk\u00adt\u00addesign (AGB) Diese Allgemeinen Gesch\u00e4ftsbedingungen gelten f\u00fcr alle [&hellip;]\" \/>\n<meta property=\"og:url\" content=\"https:\/\/atdesign.de\/en\/kontakt\/\" \/>\n<meta property=\"og:site_name\" content=\"englische Version\" \/>\n<meta property=\"article:modified_time\" content=\"2025-04-25T12:28:30+00:00\" \/>\n<meta name=\"twitter:card\" content=\"summary_large_image\" \/>\n<meta name=\"twitter:label1\" content=\"Est. reading time\" \/>\n\t<meta name=\"twitter:data1\" content=\"1 minute\" \/>\n<script type=\"application\/ld+json\" class=\"yoast-schema-graph\">{\"@context\":\"https:\\\/\\\/schema.org\",\"@graph\":[{\"@type\":\"WebPage\",\"@id\":\"https:\\\/\\\/atdesign.de\\\/en\\\/kontakt\\\/\",\"url\":\"https:\\\/\\\/atdesign.de\\\/en\\\/kontakt\\\/\",\"name\":\"Contact - englische Version\",\"isPartOf\":{\"@id\":\"https:\\\/\\\/atdesign.de\\\/en\\\/#website\"},\"datePublished\":\"2018-12-04T07:45:56+00:00\",\"dateModified\":\"2025-04-25T12:28:30+00:00\",\"breadcrumb\":{\"@id\":\"https:\\\/\\\/atdesign.de\\\/en\\\/kontakt\\\/#breadcrumb\"},\"inLanguage\":\"en-US\",\"potentialAction\":[{\"@type\":\"ReadAction\",\"target\":[\"https:\\\/\\\/atdesign.de\\\/en\\\/kontakt\\\/\"]}]},{\"@type\":\"BreadcrumbList\",\"@id\":\"https:\\\/\\\/atdesign.de\\\/en\\\/kontakt\\\/#breadcrumb\",\"itemListElement\":[{\"@type\":\"ListItem\",\"position\":1,\"name\":\"Startseite\",\"item\":\"https:\\\/\\\/atdesign.de\\\/en\\\/\"},{\"@type\":\"ListItem\",\"position\":2,\"name\":\"Contact\"}]},{\"@type\":\"WebSite\",\"@id\":\"https:\\\/\\\/atdesign.de\\\/en\\\/#website\",\"url\":\"https:\\\/\\\/atdesign.de\\\/en\\\/\",\"name\":\"englische Version\",\"description\":\"\",\"publisher\":{\"@id\":\"https:\\\/\\\/atdesign.de\\\/en\\\/#organization\"},\"potentialAction\":[{\"@type\":\"SearchAction\",\"target\":{\"@type\":\"EntryPoint\",\"urlTemplate\":\"https:\\\/\\\/atdesign.de\\\/en\\\/?s={search_term_string}\"},\"query-input\":{\"@type\":\"PropertyValueSpecification\",\"valueRequired\":true,\"valueName\":\"search_term_string\"}}],\"inLanguage\":\"en-US\"},{\"@type\":\"Organization\",\"@id\":\"https:\\\/\\\/atdesign.de\\\/en\\\/#organization\",\"name\":\"englische Version\",\"url\":\"https:\\\/\\\/atdesign.de\\\/en\\\/\",\"logo\":{\"@type\":\"ImageObject\",\"inLanguage\":\"en-US\",\"@id\":\"https:\\\/\\\/atdesign.de\\\/en\\\/#\\\/schema\\\/logo\\\/image\\\/\",\"url\":\"https:\\\/\\\/atdesign.de\\\/en\\\/wp-content\\\/uploads\\\/sites\\\/2\\\/2023\\\/08\\\/industrie-design-fuerth.png\",\"contentUrl\":\"https:\\\/\\\/atdesign.de\\\/en\\\/wp-content\\\/uploads\\\/sites\\\/2\\\/2023\\\/08\\\/industrie-design-fuerth.png\",\"width\":184,\"height\":168,\"caption\":\"englische Version\"},\"image\":{\"@id\":\"https:\\\/\\\/atdesign.de\\\/en\\\/#\\\/schema\\\/logo\\\/image\\\/\"}}]}<\/script>\n<!-- \/ Yoast SEO plugin. -->","yoast_head_json":{"title":"Contact - englische Version","robots":{"index":"index","follow":"follow","max-snippet":"max-snippet:-1","max-image-preview":"max-image-preview:large","max-video-preview":"max-video-preview:-1"},"canonical":"https:\/\/atdesign.de\/en\/kontakt\/","og_locale":"en_US","og_type":"article","og_title":"Contact - englische Version","og_description":"[vc_section full_width=&#8221;stretch_row&#8221; css=&#8221;.vc_custom_1543996315482{background-position: center !important;background-repeat: no-repeat !important;background-size: cover !important;}&#8221; el_id=&#8221;key_visual_container&#8221;][vc_row el_id=&#8221;keyvisual&#8221;][vc_column][vc_gmaps link=&#8221;#E-8_JTNDaWZyYW1lJTIwc3JjJTNEJTIyaHR0cHMlM0ElMkYlMkZ3d3cuZ29vZ2xlLmNvbSUyRm1hcHMlMkZlbWJlZCUzRnBiJTNEJTIxMW0xOCUyMTFtMTIlMjExbTMlMjExZDI2MDUuMTE1NTM2MDkwMTk5NCUyMTJkMTEuMjA0OTEwMTc3MTUxOTkzJTIxM2Q0OS4yMzYyOTg2NzQwMzY2OSUyMTJtMyUyMTFmMCUyMTJmMCUyMTNmMCUyMTNtMiUyMTFpMTAyNCUyMTJpNzY4JTIxNGYxMy4xJTIxM20zJTIxMW0yJTIxMXMweDQ3OWY0MjI1N2Q2ZGE5ZTUlMjUzQTB4Yjc5MDUzNmQwYjUwNTFiMCUyMTJzcG9sc2RvcmYlMjUyMDIyQiUyNTJDJTI1MjA5MDU4NCUyNTIwQWxsZXJzYmVyZyUyMTVlMCUyMTNtMiUyMTFzZGUlMjEyc2RlJTIxNHYxNzM4NjYxNjc0Mjk5JTIxNW0yJTIxMXNkZSUyMTJzZGUlMjIlMjB3aWR0aCUzRCUyMjgwMCUyMiUyMGhlaWdodCUzRCUyMjYwMCUyMiUyMGZyYW1lYm9yZGVyJTNEJTIyMCUyMiUyMHN0eWxlJTNEJTIyYm9yZGVyJTNBMCUzQm1hcmdpbi10b3AlM0EtMTA5cHglMjFpbXBvcnRhbnQlMjIlMjBhbGxvd2Z1bGxzY3JlZW4lM0UlM0MlMkZpZnJhbWUlM0U=&#8221; size=&#8221;682px&#8221;][\/vc_column][\/vc_row][\/vc_section][vc_section][vc_row][vc_column][vc_column_text] Contact [\/vc_column_text][\/vc_column][\/vc_row][vc_row][vc_column width=&#8221;1\/3&#8243;][vc_column_text]at-design GbR Polsdorf 22E D-90584 Allersberg Fon +49 (0) 9176 &#8211; 3679793 E-Mail info@atdesign.de Internet www.atdesign.de[\/vc_column_text][vc_btn title=&#8221;navigate to at-design&#8221; style=&#8221;custom&#8221; custom_background=&#8221;#000000&#8243; custom_text=&#8221;#ffffff&#8221; shape=&#8221;square&#8221; i_icon_fontawesome=&#8221;fa fa-angle-right&#8221; add_icon=&#8221;true&#8221; link=&#8221;url:https%3A%2F%2Fwww.google.de%2Fmaps%2Fdir%2F%2Fat-design%2C%2BB%25C3%25BCro%2Bf%25C3%25BCr%2BProduktdesign%2C%2BF%25C3%25BCrth%2B(Bayern)%2C%2BFlugplatzstra%25C3%259Fe%2B111%2C%2B90768%2BF%25C3%25BCrth%2F%4049.5054635%2C10.9600533%2C17z%2Fdata%3D!4m16!1m6!3m5!1s0x47a1ffd09c720079%3A0x8761e69e68d8ee6b!2sat-design%2C%2BB%25C3%25BCro%2Bf%25C3%25BCr%2BProduktdesign%2C%2BF%25C3%25BCrth%2B(Bayern)!8m2!3d49.50546!4d10.962242!4m8!1m0!1m5!1m1!1s0x47a1ffd09c720079%3A0x8761e69e68d8ee6b!2m2!1d10.962242!2d49.50546!3e2||target:%20_blank|rel:nofollow&#8221; el_id=&#8221;maps_button&#8221;][\/vc_column][vc_column width=&#8221;1\/3&#8243;][\/vc_column][vc_column width=&#8221;1\/3&#8243;][\/vc_column][\/vc_row][\/vc_section][vc_section][vc_row][vc_column][vc_column_text] Allgemeine Gesch\u00e4fts\u00ad\u00adbedingungen Produk\u00adt\u00addesign (AGB) Diese Allgemeinen Gesch\u00e4ftsbedingungen gelten f\u00fcr alle [&hellip;]","og_url":"https:\/\/atdesign.de\/en\/kontakt\/","og_site_name":"englische Version","article_modified_time":"2025-04-25T12:28:30+00:00","twitter_card":"summary_large_image","twitter_misc":{"Est. reading time":"1 minute"},"schema":{"@context":"https:\/\/schema.org","@graph":[{"@type":"WebPage","@id":"https:\/\/atdesign.de\/en\/kontakt\/","url":"https:\/\/atdesign.de\/en\/kontakt\/","name":"Contact - englische Version","isPartOf":{"@id":"https:\/\/atdesign.de\/en\/#website"},"datePublished":"2018-12-04T07:45:56+00:00","dateModified":"2025-04-25T12:28:30+00:00","breadcrumb":{"@id":"https:\/\/atdesign.de\/en\/kontakt\/#breadcrumb"},"inLanguage":"en-US","potentialAction":[{"@type":"ReadAction","target":["https:\/\/atdesign.de\/en\/kontakt\/"]}]},{"@type":"BreadcrumbList","@id":"https:\/\/atdesign.de\/en\/kontakt\/#breadcrumb","itemListElement":[{"@type":"ListItem","position":1,"name":"Startseite","item":"https:\/\/atdesign.de\/en\/"},{"@type":"ListItem","position":2,"name":"Contact"}]},{"@type":"WebSite","@id":"https:\/\/atdesign.de\/en\/#website","url":"https:\/\/atdesign.de\/en\/","name":"englische Version","description":"","publisher":{"@id":"https:\/\/atdesign.de\/en\/#organization"},"potentialAction":[{"@type":"SearchAction","target":{"@type":"EntryPoint","urlTemplate":"https:\/\/atdesign.de\/en\/?s={search_term_string}"},"query-input":{"@type":"PropertyValueSpecification","valueRequired":true,"valueName":"search_term_string"}}],"inLanguage":"en-US"},{"@type":"Organization","@id":"https:\/\/atdesign.de\/en\/#organization","name":"englische Version","url":"https:\/\/atdesign.de\/en\/","logo":{"@type":"ImageObject","inLanguage":"en-US","@id":"https:\/\/atdesign.de\/en\/#\/schema\/logo\/image\/","url":"https:\/\/atdesign.de\/en\/wp-content\/uploads\/sites\/2\/2023\/08\/industrie-design-fuerth.png","contentUrl":"https:\/\/atdesign.de\/en\/wp-content\/uploads\/sites\/2\/2023\/08\/industrie-design-fuerth.png","width":184,"height":168,"caption":"englische Version"},"image":{"@id":"https:\/\/atdesign.de\/en\/#\/schema\/logo\/image\/"}}]}},"_links":{"self":[{"href":"https:\/\/atdesign.de\/en\/wp-json\/wp\/v2\/pages\/177","targetHints":{"allow":["GET"]}}],"collection":[{"href":"https:\/\/atdesign.de\/en\/wp-json\/wp\/v2\/pages"}],"about":[{"href":"https:\/\/atdesign.de\/en\/wp-json\/wp\/v2\/types\/page"}],"author":[{"embeddable":true,"href":"https:\/\/atdesign.de\/en\/wp-json\/wp\/v2\/users\/1"}],"replies":[{"embeddable":true,"href":"https:\/\/atdesign.de\/en\/wp-json\/wp\/v2\/comments?post=177"}],"version-history":[{"count":31,"href":"https:\/\/atdesign.de\/en\/wp-json\/wp\/v2\/pages\/177\/revisions"}],"predecessor-version":[{"id":2265,"href":"https:\/\/atdesign.de\/en\/wp-json\/wp\/v2\/pages\/177\/revisions\/2265"}],"wp:attachment":[{"href":"https:\/\/atdesign.de\/en\/wp-json\/wp\/v2\/media?parent=177"}],"wp:term":[{"taxonomy":"category","embeddable":true,"href":"https:\/\/atdesign.de\/en\/wp-json\/wp\/v2\/categories?post=177"},{"taxonomy":"post_tag","embeddable":true,"href":"https:\/\/atdesign.de\/en\/wp-json\/wp\/v2\/tags?post=177"}],"curies":[{"name":"wp","href":"https:\/\/api.w.org\/{rel}","templated":true}]}}